{"id":7,"date":"2018-06-07T05:37:02","date_gmt":"2018-06-07T05:37:02","guid":{"rendered":"https:\/\/www.multiply.pt\/about\/"},"modified":"2023-09-20T14:05:23","modified_gmt":"2023-09-20T14:05:23","slug":"about","status":"publish","type":"page","link":"https:\/\/www.multiply.pt\/pt\/about\/","title":{"rendered":"Sobre"},"content":{"rendered":"<div data-elementor-type=\"wp-post\" data-elementor-id=\"7\" class=\"elementor elementor-7\" data-elementor-settings=\"[]\">\n\t\t\t<div class=\"elementor-inner\">\n\t\t\t\t<div class=\"elementor-section-wrap\">\n\t\t\t\t\t\t\t<section class=\"elementor-element elementor-element-6ff03a78 elementor-section-boxed elementor-section-height-default elementor-section-height-default elementor-section elementor-top-section\" data-id=\"6ff03a78\" data-element_type=\"section\" data-settings=\"{&quot;background_background&quot;:&quot;classic&quot;}\">\n\t\t\t\t\t\t\t<div class=\"elementor-background-overlay\"><\/div>\n\t\t\t\t\t\t\t<div class=\"elementor-container elementor-column-gap-default\">\n\t\t\t\t<div class=\"elementor-row\">\n\t\t\t\t<div class=\"elementor-element elementor-element-53067627 elementor-column elementor-col-100 elementor-top-column\" data-id=\"53067627\" data-element_type=\"column\">\n\t\t\t<div class=\"elementor-column-wrap  elementor-element-populated\">\n\t\t\t\t\t<div class=\"elementor-widget-wrap\">\n\t\t\t\t<div class=\"elementor-element elementor-element-6d5bb0fb elementor-widget elementor-widget-heading\" data-id=\"6d5bb0fb\" data-element_type=\"widget\" data-widget_type=\"heading.default\">\n\t\t\t\t<div class=\"elementor-widget-container\">\n\t\t\t<h1 class=\"elementor-heading-title elementor-size-default\">Sobre n\u00f3s<\/h1>\t\t<\/div>\n\t\t\t\t<\/div>\n\t\t\t\t\t\t<\/div>\n\t\t\t<\/div>\n\t\t<\/div>\n\t\t\t\t\t\t<\/div>\n\t\t\t<\/div>\n\t\t<\/section>\n\t\t\t\t<section class=\"elementor-element elementor-element-392aaca elementor-reverse-mobile elementor-section-boxed elementor-section-height-default elementor-section-height-default elementor-section elementor-top-section\" data-id=\"392aaca\" data-element_type=\"section\" data-settings=\"{&quot;background_background&quot;:&quot;classic&quot;}\">\n\t\t\t\t\t\t\t<div class=\"elementor-background-overlay\"><\/div>\n\t\t\t\t\t\t\t<div class=\"elementor-container elementor-column-gap-default\">\n\t\t\t\t<div class=\"elementor-row\">\n\t\t\t\t<div class=\"elementor-element elementor-element-4297d93 elementor-column elementor-col-100 elementor-top-column\" data-id=\"4297d93\" data-element_type=\"column\">\n\t\t\t<div class=\"elementor-column-wrap  elementor-element-populated\">\n\t\t\t\t\t<div class=\"elementor-widget-wrap\">\n\t\t\t\t<section class=\"elementor-element elementor-element-0bee940 elementor-reverse-mobile elementor-section-boxed elementor-section-height-default elementor-section-height-default elementor-section elementor-inner-section\" data-id=\"0bee940\" data-element_type=\"section\">\n\t\t\t\t\t\t<div class=\"elementor-container elementor-column-gap-default\">\n\t\t\t\t<div class=\"elementor-row\">\n\t\t\t\t<div class=\"elementor-element elementor-element-33cbaf0 elementor-column elementor-col-50 elementor-inner-column\" data-id=\"33cbaf0\" data-element_type=\"column\">\n\t\t\t<div class=\"elementor-column-wrap  elementor-element-populated\">\n\t\t\t\t\t<div class=\"elementor-widget-wrap\">\n\t\t\t\t<div class=\"elementor-element elementor-element-9806bed elementor-widget elementor-widget-image\" data-id=\"9806bed\" data-element_type=\"widget\" data-widget_type=\"image.default\">\n\t\t\t\t<div class=\"elementor-widget-container\">\n\t\t\t\t\t<div class=\"elementor-image\">\n\t\t\t\t\t\t\t\t\t\t<img loading=\"lazy\" decoding=\"async\" width=\"1024\" height=\"725\" src=\"https:\/\/www.multiply.pt\/wp-content\/uploads\/2020\/05\/multiplyenergy_logo_reconstruido-02-002-1-1024x725.png\" class=\"attachment-large size-large\" alt=\"\" srcset=\"https:\/\/www.multiply.pt\/wp-content\/uploads\/2020\/05\/multiplyenergy_logo_reconstruido-02-002-1-1024x725.png 1024w, https:\/\/www.multiply.pt\/wp-content\/uploads\/2020\/05\/multiplyenergy_logo_reconstruido-02-002-1-300x213.png 300w, https:\/\/www.multiply.pt\/wp-content\/uploads\/2020\/05\/multiplyenergy_logo_reconstruido-02-002-1-768x544.png 768w, https:\/\/www.multiply.pt\/wp-content\/uploads\/2020\/05\/multiplyenergy_logo_reconstruido-02-002-1-1536x1088.png 1536w, https:\/\/www.multiply.pt\/wp-content\/uploads\/2020\/05\/multiplyenergy_logo_reconstruido-02-002-1-2048x1451.png 2048w\" sizes=\"auto, (max-width: 1024px) 100vw, 1024px\" \/>\t\t\t\t\t\t\t\t\t\t\t<\/div>\n\t\t\t\t<\/div>\n\t\t\t\t<\/div>\n\t\t\t\t\t\t<\/div>\n\t\t\t<\/div>\n\t\t<\/div>\n\t\t\t\t<div class=\"elementor-element elementor-element-905bfa5 elementor-column elementor-col-50 elementor-inner-column\" data-id=\"905bfa5\" data-element_type=\"column\">\n\t\t\t<div class=\"elementor-column-wrap  elementor-element-populated\">\n\t\t\t\t\t<div class=\"elementor-widget-wrap\">\n\t\t\t\t<div class=\"elementor-element elementor-element-a933482 elementor-position-left elementor-vertical-align-top elementor-widget elementor-widget-image-box\" data-id=\"a933482\" data-element_type=\"widget\" data-widget_type=\"image-box.default\">\n\t\t\t\t<div class=\"elementor-widget-container\">\n\t\t\t<div class=\"elementor-image-box-wrapper\"><div class=\"elementor-image-box-content\"><h2 class=\"elementor-image-box-title\">Apaixonados por Energia Solar<\/h2><p class=\"elementor-image-box-description\">A Multiply Energy LDA nasceu para implementar uma transi\u00e7\u00e3o mais r\u00e1pida em dire\u00e7\u00e3o a um sistema de energia de carbono neutro, financiando e gerenciando ativos de projetos de grande escala em Portugal e Espanha. <\/p><\/div><\/div>\t\t<\/div>\n\t\t\t\t<\/div>\n\t\t\t\t\t\t<\/div>\n\t\t\t<\/div>\n\t\t<\/div>\n\t\t\t\t\t\t<\/div>\n\t\t\t<\/div>\n\t\t<\/section>\n\t\t\t\t\t\t<\/div>\n\t\t\t<\/div>\n\t\t<\/div>\n\t\t\t\t\t\t<\/div>\n\t\t\t<\/div>\n\t\t<\/section>\n\t\t\t\t<section class=\"elementor-element elementor-element-71c30ab elementor-section-boxed elementor-section-height-default elementor-section-height-default elementor-section elementor-top-section\" data-id=\"71c30ab\" data-element_type=\"section\">\n\t\t\t\t\t\t<div class=\"elementor-container elementor-column-gap-default\">\n\t\t\t\t<div class=\"elementor-row\">\n\t\t\t\t<div class=\"elementor-element elementor-element-e18d442 elementor-column elementor-col-50 elementor-top-column\" data-id=\"e18d442\" data-element_type=\"column\">\n\t\t\t<div class=\"elementor-column-wrap  elementor-element-populated\">\n\t\t\t\t\t<div class=\"elementor-widget-wrap\">\n\t\t\t\t<div class=\"elementor-element elementor-element-3910a45 elementor-widget elementor-widget-heading\" data-id=\"3910a45\" data-element_type=\"widget\" data-widget_type=\"heading.default\">\n\t\t\t\t<div class=\"elementor-widget-container\">\n\t\t\t<h2 class=\"elementor-heading-title elementor-size-default\">Somos investidores e gestores de ativos<\/h2>\t\t<\/div>\n\t\t\t\t<\/div>\n\t\t\t\t<div class=\"elementor-element elementor-element-508649d elementor-widget elementor-widget-text-editor\" data-id=\"508649d\" data-element_type=\"widget\" data-widget_type=\"text-editor.default\">\n\t\t\t\t<div class=\"elementor-widget-container\">\n\t\t\t\t\t<div class=\"elementor-text-editor elementor-clearfix\"><p>Nossos investidores t\u00eam v\u00e1rios anos de experi\u00eancia bem-sucedida em gerenciamento de projetos de energia em diversas tecnologias, setores e modelos legais.<\/p><\/div>\n\t\t\t\t<\/div>\n\t\t\t\t<\/div>\n\t\t\t\t<div class=\"elementor-element elementor-element-38be824 elementor-widget elementor-widget-heading\" data-id=\"38be824\" data-element_type=\"widget\" data-widget_type=\"heading.default\">\n\t\t\t\t<div class=\"elementor-widget-container\">\n\t\t\t<h4 class=\"elementor-heading-title elementor-size-default translation-block\">Se voc\u00ea \u00e9 um investidor em energia renov\u00e1vel, <br>o Multiply Energy \u00e9 para voc\u00ea:<\/h4>\t\t<\/div>\n\t\t\t\t<\/div>\n\t\t\t\t<div class=\"elementor-element elementor-element-1fe2add elementor-button-info elementor-align-center elementor-widget elementor-widget-button\" data-id=\"1fe2add\" data-element_type=\"widget\" data-widget_type=\"button.default\">\n\t\t\t\t<div class=\"elementor-widget-container\">\n\t\t\t\t\t<div class=\"elementor-button-wrapper\">\n\t\t\t<a href=\"https:\/\/www.multiply.pt\/pt\/contact-us\/\" class=\"elementor-button-link elementor-button elementor-size-sm\" role=\"button\">\n\t\t\t\t\t\t<span class=\"elementor-button-content-wrapper\">\n\t\t\t\t\t\t<span class=\"elementor-button-text\">Contate-Nos<\/span>\n\t\t<\/span>\n\t\t\t\t\t<\/a>\n\t\t<\/div>\n\t\t\t\t<\/div>\n\t\t\t\t<\/div>\n\t\t\t\t\t\t<\/div>\n\t\t\t<\/div>\n\t\t<\/div>\n\t\t\t\t<div class=\"elementor-element elementor-element-4ffd925 elementor-column elementor-col-50 elementor-top-column\" data-id=\"4ffd925\" data-element_type=\"column\">\n\t\t\t<div class=\"elementor-column-wrap  elementor-element-populated\">\n\t\t\t\t\t<div class=\"elementor-widget-wrap\">\n\t\t\t\t<div class=\"elementor-element elementor-element-fb833a6 elementor-view-default elementor-widget elementor-widget-icon\" data-id=\"fb833a6\" data-element_type=\"widget\" data-widget_type=\"icon.default\">\n\t\t\t\t<div class=\"elementor-widget-container\">\n\t\t\t\t\t<div class=\"elementor-icon-wrapper\">\n\t\t\t<div class=\"elementor-icon\">\n\t\t\t<i aria-hidden=\"true\" class=\"fas fa-solar-panel\"><\/i>\t\t\t<\/div>\n\t\t<\/div>\n\t\t\t\t<\/div>\n\t\t\t\t<\/div>\n\t\t\t\t<div class=\"elementor-element elementor-element-06c0a8f elementor-widget elementor-widget-heading\" data-id=\"06c0a8f\" data-element_type=\"widget\" data-widget_type=\"heading.default\">\n\t\t\t\t<div class=\"elementor-widget-container\">\n\t\t\t<h6 class=\"elementor-heading-title elementor-size-default\">Solar Farm project stages:<\/h6>\t\t<\/div>\n\t\t\t\t<\/div>\n\t\t\t\t<div class=\"elementor-element elementor-element-28f0fdb elementor-widget elementor-widget-image\" data-id=\"28f0fdb\" data-element_type=\"widget\" data-widget_type=\"image.default\">\n\t\t\t\t<div class=\"elementor-widget-container\">\n\t\t\t\t\t<div class=\"elementor-image\">\n\t\t\t\t\t\t\t<figure class=\"wp-caption\">\n\t\t\t\t\t\t\t\t\t\t<img loading=\"lazy\" decoding=\"async\" width=\"520\" height=\"346\" src=\"https:\/\/www.multiply.pt\/wp-content\/uploads\/2020\/05\/Investment-process.png\" class=\"attachment-large size-large\" alt=\"\" srcset=\"https:\/\/www.multiply.pt\/wp-content\/uploads\/2020\/05\/Investment-process.png 520w, https:\/\/www.multiply.pt\/wp-content\/uploads\/2020\/05\/Investment-process-300x200.png 300w\" sizes=\"auto, (max-width: 520px) 100vw, 520px\" \/>\t\t\t\t\t\t\t\t\t\t\t<figcaption class=\"widget-image-caption wp-caption-text\">Multiply Energy takes part in several project stages<\/figcaption>\n\t\t\t\t\t\t\t\t\t\t<\/figure>\n\t\t\t\t\t<\/div>\n\t\t\t\t<\/div>\n\t\t\t\t<\/div>\n\t\t\t\t\t\t<\/div>\n\t\t\t<\/div>\n\t\t<\/div>\n\t\t\t\t\t\t<\/div>\n\t\t\t<\/div>\n\t\t<\/section>\n\t\t\t\t<section class=\"elementor-element elementor-element-4e687b0e elementor-section-content-middle elementor-section-boxed elementor-section-height-default elementor-section-height-default elementor-section elementor-top-section\" data-id=\"4e687b0e\" data-element_type=\"section\">\n\t\t\t\t\t\t<div class=\"elementor-container elementor-column-gap-no\">\n\t\t\t\t<div class=\"elementor-row\">\n\t\t\t\t<div class=\"elementor-element elementor-element-50132724 elementor-column elementor-col-100 elementor-top-column\" data-id=\"50132724\" data-element_type=\"column\">\n\t\t\t<div class=\"elementor-column-wrap  elementor-element-populated\">\n\t\t\t\t\t<div class=\"elementor-widget-wrap\">\n\t\t\t\t<div class=\"elementor-element elementor-element-35878f7a elementor-widget elementor-widget-heading\" data-id=\"35878f7a\" data-element_type=\"widget\" data-widget_type=\"heading.default\">\n\t\t\t\t<div class=\"elementor-widget-container\">\n\t\t\t<h3 class=\"elementor-heading-title elementor-size-default\">N\u00e3o estamos sozinhos, estes s\u00e3o nossos parceiros estrat\u00e9gicos:<\/h3>\t\t<\/div>\n\t\t\t\t<\/div>\n\t\t\t\t<div class=\"elementor-element elementor-element-6c86ca2 elementor-widget elementor-widget-heading\" data-id=\"6c86ca2\" data-element_type=\"widget\" data-widget_type=\"heading.default\">\n\t\t\t\t<div class=\"elementor-widget-container\">\n\t\t\t<h5 class=\"elementor-heading-title elementor-size-small\">Todos os nossos parceiros estrat\u00e9gicos t\u00eam uma vasta experi\u00eancia em energia e engenharia<\/h5>\t\t<\/div>\n\t\t\t\t<\/div>\n\t\t\t\t<section class=\"elementor-element elementor-element-2d733497 elementor-section-content-middle elementor-section-boxed elementor-section-height-default elementor-section-height-default elementor-section elementor-inner-section\" data-id=\"2d733497\" data-element_type=\"section\">\n\t\t\t\t\t\t<div class=\"elementor-container elementor-column-gap-no\">\n\t\t\t\t<div class=\"elementor-row\">\n\t\t\t\t<div class=\"elementor-element elementor-element-429f0d0 elementor-column elementor-col-33 elementor-inner-column\" data-id=\"429f0d0\" data-element_type=\"column\">\n\t\t\t<div class=\"elementor-column-wrap  elementor-element-populated\">\n\t\t\t\t\t<div class=\"elementor-widget-wrap\">\n\t\t\t\t<div class=\"elementor-element elementor-element-78e8e77 elementor-position-top elementor-vertical-align-top elementor-widget elementor-widget-image-box\" data-id=\"78e8e77\" data-element_type=\"widget\" data-widget_type=\"image-box.default\">\n\t\t\t\t<div class=\"elementor-widget-container\">\n\t\t\t<div class=\"elementor-image-box-wrapper\"><figure class=\"elementor-image-box-img\"><a href=\"https:\/\/energyplanet.pt\/\"><img loading=\"lazy\" decoding=\"async\" width=\"1310\" height=\"385\" src=\"https:\/\/www.multiply.pt\/wp-content\/uploads\/2020\/07\/logo_energyplanet_fa.png\" class=\"attachment-full size-full\" alt=\"\" srcset=\"https:\/\/www.multiply.pt\/wp-content\/uploads\/2020\/07\/logo_energyplanet_fa.png 1310w, https:\/\/www.multiply.pt\/wp-content\/uploads\/2020\/07\/logo_energyplanet_fa-300x88.png 300w, https:\/\/www.multiply.pt\/wp-content\/uploads\/2020\/07\/logo_energyplanet_fa-1024x301.png 1024w, https:\/\/www.multiply.pt\/wp-content\/uploads\/2020\/07\/logo_energyplanet_fa-768x226.png 768w\" sizes=\"auto, (max-width: 1310px) 100vw, 1310px\" \/><\/a><\/figure><div class=\"elementor-image-box-content\"><p class=\"elementor-image-box-description\">Energy Planet is a investing company in innovative renewable energy companies, with a great portfolio of companiese, among its located Multiply Energy. Energy Planet owns 60% of shares of Muliply Energy LDA.<\/p><\/div><\/div>\t\t<\/div>\n\t\t\t\t<\/div>\n\t\t\t\t\t\t<\/div>\n\t\t\t<\/div>\n\t\t<\/div>\n\t\t\t\t<div class=\"elementor-element elementor-element-68d9b23 elementor-column elementor-col-33 elementor-inner-column\" data-id=\"68d9b23\" data-element_type=\"column\">\n\t\t\t<div class=\"elementor-column-wrap  elementor-element-populated\">\n\t\t\t\t\t<div class=\"elementor-widget-wrap\">\n\t\t\t\t<div class=\"elementor-element elementor-element-fcdbd34 elementor-position-top elementor-vertical-align-top elementor-widget elementor-widget-image-box\" data-id=\"fcdbd34\" data-element_type=\"widget\" data-widget_type=\"image-box.default\">\n\t\t\t\t<div class=\"elementor-widget-container\">\n\t\t\t<div class=\"elementor-image-box-wrapper\"><figure class=\"elementor-image-box-img\"><a href=\"https:\/\/delab.pt\/\"><img loading=\"lazy\" decoding=\"async\" width=\"1064\" height=\"698\" src=\"https:\/\/www.multiply.pt\/wp-content\/uploads\/2021\/04\/delab-rebrand_2020_rgb-05.png\" class=\"attachment-full size-full\" alt=\"\" srcset=\"https:\/\/www.multiply.pt\/wp-content\/uploads\/2021\/04\/delab-rebrand_2020_rgb-05.png 1064w, https:\/\/www.multiply.pt\/wp-content\/uploads\/2021\/04\/delab-rebrand_2020_rgb-05-300x197.png 300w, https:\/\/www.multiply.pt\/wp-content\/uploads\/2021\/04\/delab-rebrand_2020_rgb-05-1024x672.png 1024w, https:\/\/www.multiply.pt\/wp-content\/uploads\/2021\/04\/delab-rebrand_2020_rgb-05-768x504.png 768w\" sizes=\"auto, (max-width: 1064px) 100vw, 1064px\" \/><\/a><\/figure><div class=\"elementor-image-box-content\"><p class=\"elementor-image-box-description\">Delab is positioned in the energy market with a range of varied and adapted services, namely in the development and management of energy efficiency and renewable energy projects. <br>Delab provides with the technical information Multiply needs to develop its projects.  <\/p><\/div><\/div>\t\t<\/div>\n\t\t\t\t<\/div>\n\t\t\t\t\t\t<\/div>\n\t\t\t<\/div>\n\t\t<\/div>\n\t\t\t\t<div class=\"elementor-element elementor-element-adb8159 elementor-column elementor-col-33 elementor-inner-column\" data-id=\"adb8159\" data-element_type=\"column\">\n\t\t\t<div class=\"elementor-column-wrap  elementor-element-populated\">\n\t\t\t\t\t<div class=\"elementor-widget-wrap\">\n\t\t\t\t<div class=\"elementor-element elementor-element-355e8d4 elementor-position-top elementor-vertical-align-top elementor-widget elementor-widget-image-box\" data-id=\"355e8d4\" data-element_type=\"widget\" data-widget_type=\"image-box.default\">\n\t\t\t\t<div class=\"elementor-widget-container\">\n\t\t\t<div class=\"elementor-image-box-wrapper\"><figure class=\"elementor-image-box-img\"><a href=\"https:\/\/www.wundersight.co.uk\/\"><img loading=\"lazy\" decoding=\"async\" width=\"250\" height=\"122\" src=\"https:\/\/www.multiply.pt\/wp-content\/uploads\/2020\/07\/logo-WunderSight.png\" class=\"attachment-full size-full\" alt=\"\" \/><\/a><\/figure><div class=\"elementor-image-box-content\"><p class=\"elementor-image-box-description\">Wunder Sight Group is a renewable energy developer with more than 40 MW of projects developed in many countries such as Spain, Portugal or United Kingdom among others. Wunder Sight will allow Multiply to access more markets and more projects due to its great portfolio.  <\/p><\/div><\/div>\t\t<\/div>\n\t\t\t\t<\/div>\n\t\t\t\t\t\t<\/div>\n\t\t\t<\/div>\n\t\t<\/div>\n\t\t\t\t\t\t<\/div>\n\t\t\t<\/div>\n\t\t<\/section>\n\t\t\t\t\t\t<\/div>\n\t\t\t<\/div>\n\t\t<\/div>\n\t\t\t\t\t\t<\/div>\n\t\t\t<\/div>\n\t\t<\/section>\n\t\t\t\t\t\t<\/div>\n\t\t\t<\/div>\n\t\t<\/div>","protected":false},"excerpt":{"rendered":"<p>About Us Passionate about Solar Energy Multiply Energy LDA was born in order to implement a faster transition towards a neutral-carbon energy system by financing and managing assets of large scale projects in Portugal &amp; Spain. We are investors and asset managers Our investors have several years of successful expertise in energy project management in &hellip;<\/p>\n<p class=\"read-more\"> <a class=\"\" href=\"https:\/\/www.multiply.pt\/pt\/about\/\"> <span class=\"screen-reader-text\">Sobre<\/span> Read More &raquo;<\/a><\/p>","protected":false},"author":1,"featured_media":0,"parent":0,"menu_order":0,"comment_status":"closed","ping_status":"closed","template":"","meta":{"site-sidebar-layout":"no-sidebar","site-content-layout":"page-builder","ast-site-content-layout":"full-width-container","site-content-style":"unboxed","site-sidebar-style":"unboxed","ast-global-header-display":"","ast-banner-title-visibility":"","ast-main-header-display":"","ast-hfb-above-header-display":"","ast-hfb-below-header-display":"","ast-hfb-mobile-header-display":"","site-post-title":"disabled","ast-breadcrumbs-content":"","ast-featured-img":"disabled","footer-sml-layout":"","theme-transparent-header-meta":"default","adv-header-id-meta":"","stick-header-meta":"","header-above-stick-meta":"","header-main-stick-meta":"","header-below-stick-meta":"","astra-migrate-meta-layouts":"set","footnotes":""},"class_list":["post-7","page","type-page","status-publish","hentry"],"_links":{"self":[{"href":"https:\/\/www.multiply.pt\/pt\/wp-json\/wp\/v2\/pages\/7","targetHints":{"allow":["GET"]}}],"collection":[{"href":"https:\/\/www.multiply.pt\/pt\/wp-json\/wp\/v2\/pages"}],"about":[{"href":"https:\/\/www.multiply.pt\/pt\/wp-json\/wp\/v2\/types\/page"}],"author":[{"embeddable":true,"href":"https:\/\/www.multiply.pt\/pt\/wp-json\/wp\/v2\/users\/1"}],"replies":[{"embeddable":true,"href":"https:\/\/www.multiply.pt\/pt\/wp-json\/wp\/v2\/comments?post=7"}],"version-history":[{"count":28,"href":"https:\/\/www.multiply.pt\/pt\/wp-json\/wp\/v2\/pages\/7\/revisions"}],"predecessor-version":[{"id":879,"href":"https:\/\/www.multiply.pt\/pt\/wp-json\/wp\/v2\/pages\/7\/revisions\/879"}],"wp:attachment":[{"href":"https:\/\/www.multiply.pt\/pt\/wp-json\/wp\/v2\/media?parent=7"}],"curies":[{"name":"wp","href":"https:\/\/api.w.org\/{rel}","templated":true}]}}